{"id":250,"date":"2023-11-20T14:21:34","date_gmt":"2023-11-20T14:21:34","guid":{"rendered":"https:\/\/kodekrafters.pt\/?page_id=250"},"modified":"2025-11-21T18:14:51","modified_gmt":"2025-11-21T18:14:51","slug":"politica-de-privacidade-e-cookies","status":"publish","type":"page","link":"https:\/\/kodekrafters.pt\/en\/politica-de-privacidade-e-cookies\/","title":{"rendered":"Privacy &amp; Cookies Policy"},"content":{"rendered":"<div data-elementor-type=\"wp-post\" data-elementor-id=\"250\" class=\"elementor elementor-250\">\n\t\t\t\t<div class=\"elementor-element elementor-element-4912aa5 e-flex e-con-boxed e-con e-parent\" data-id=\"4912aa5\" data-element_type=\"container\" data-e-type=\"container\">\n\t\t\t\t\t<div class=\"e-con-inner\">\n\t\t\t\t<div class=\"elementor-element elementor-element-b725b20 elementor-widget elementor-widget-text-editor\" data-id=\"b725b20\" data-element_type=\"widget\" data-e-type=\"widget\" data-widget_type=\"text-editor.default\">\n\t\t\t\t<div class=\"elementor-widget-container\">\n\t\t\t\t\t\t\t\t\t<div id=\"rowCustom-655b6b1916e69\" class=\"no-bg-image vc_row wpb_row mBuilder-element  controls-in or-privacy-row  sectionOverlay vc_general vc_parallax vc_parallax- full_size\" data-mbuilder-id=\"2\" data-col-layout=\"12\/12\" data-bgcolor=\" rgba(255, 255, 255, 0)\"><div class=\"wrap clearfix box_size_container\"><div class=\"wpb_column vc_column_container    col-sm-12\"><div class=\"vc_column-inner md_col-655b6b1916f1d\"><div class=\"wpb_wrapper\"><div class=\"vc_wp_text wpb_content_element or-privacy-title\"><div class=\"widget widget_text\"><div class=\"textwidget\"><h2><strong>Privacy and Cookies Policy<\/strong><\/h2><\/div><\/div><\/div><div class=\"vc_wp_text wpb_content_element or-privacy-text\"><div class=\"widget widget_text\"><div class=\"textwidget\"><p class=\"privacy-text\">Before browsing our website, read our Privacy and Cookies Policy.<\/p><p class=\"privacy-text\">The Privacy and Cookies Policy was created to clearly explain how we collect, use, share and protect our customers' personal data when they use our services or visit our website.<\/p><p class=\"privacy-text\">As part of our commercial activity, we need to collect some personal data from our customers, however, we respect their right to privacy and do not collect any personal information without their prior consent.<\/p><\/div><\/div><\/div><\/div><\/div><\/div><\/div><\/div><div id=\"rowCustom-655b6b1917ac5\" class=\"no-bg-image vc_row wpb_row mBuilder-element  controls-in or-privacy-row  sectionOverlay vc_general vc_parallax vc_parallax- full_size\" data-mbuilder-id=\"3\" data-col-layout=\"12\/12\" data-bgcolor=\" rgba(255, 255, 255, 0)\"><div class=\"wrap clearfix box_size_container\"><div class=\"wpb_column vc_column_container    col-sm-12\"><div class=\"vc_column-inner md_col-655b6b1917b28\"><div class=\"wpb_wrapper\"><div class=\"vc_wp_text wpb_content_element or-privacy-title\"><div class=\"widget widget_text\"><div class=\"textwidget\"><h3><strong>Personal data<\/strong><\/h3><\/div><\/div><\/div><div class=\"vc_wp_text wpb_content_element or-privacy-text\"><div class=\"widget widget_text\"><div class=\"textwidget\"><p class=\"privacy-text\">This is any information, of any nature and regardless of its support, relating to a natural person, directly or indirectly, identified or identifiable (data subject). For example, your name, an identification number, location data, contact details, even elements of your physical, economic or social identity.<\/p><p class=\"privacy-text\">The personal data collected is limited to that strictly necessary for the purpose of the processing, namely, name, address, taxpayer number, telephone number or email address, but other data necessary for the provision of products or services may be collected.<\/p><\/div><\/div><\/div><\/div><\/div><\/div><\/div><\/div><div id=\"rowCustom-655b6b1917f45\" class=\"no-bg-image vc_row wpb_row mBuilder-element  controls-in or-privacy-row  sectionOverlay vc_general vc_parallax vc_parallax- full_size\" data-mbuilder-id=\"4\" data-col-layout=\"12\/12\" data-bgcolor=\" rgba(255, 255, 255, 0)\"><div class=\"wrap clearfix box_size_container\"><div class=\"wpb_column vc_column_container    col-sm-12\"><div class=\"vc_column-inner md_col-655b6b1917f81\"><div class=\"wpb_wrapper\"><div class=\"vc_wp_text wpb_content_element or-privacy-title\"><div class=\"widget widget_text\"><div class=\"textwidget\"><h3 class=\"titulo-icon\"><strong>Porto Consumer Information and Arbitration Center<\/strong><\/h3><\/div><\/div><\/div><div class=\"vc_wp_text wpb_content_element or-privacy-text\"><div class=\"widget widget_text\"><div class=\"textwidget\"><p class=\"privacy-text\">EXTRAJUDICIAL DISPUTE RESOLUTION For the purposes of the provisions of Law No. 144\/2015, we inform you that, in the event of a dispute, the consumer of our brands and products may resort to an Alternative Consumer Dispute Resolution Entity: Consumer Information Center and Porto Arbitration, based at Rua Dami\u00e3o de G\u00f3is, 31 \u2013 Loja 6 \u2013 4050-225 Porto, with the following email address: cicap@mail.telepac.pt. More information at the Consumer Portal www.consumidor.pt.<\/p><\/div><\/div><\/div><\/div><\/div><\/div><\/div><\/div><div id=\"rowCustom-655b6b19183ce\" class=\"no-bg-image vc_row wpb_row mBuilder-element  controls-in or-privacy-row  sectionOverlay vc_general vc_parallax vc_parallax- full_size\" data-mbuilder-id=\"5\" data-col-layout=\"12\/12\" data-bgcolor=\" rgba(255, 255, 255, 0)\"><div class=\"wrap clearfix box_size_container\"><div class=\"wpb_column vc_column_container    col-sm-12\"><div class=\"vc_column-inner md_col-655b6b1918435\"><div class=\"wpb_wrapper\"><div class=\"vc_wp_text wpb_content_element or-privacy-title\"><div class=\"widget widget_text\"><div class=\"textwidget\"><h3 class=\"titulo-icon\"><strong>Responsibility for collecting and processing personal data<\/strong><\/h3><\/div><\/div><\/div><div class=\"vc_wp_text wpb_content_element or-privacy-text\"><div class=\"widget widget_text\"><div class=\"textwidget\"><p class=\"privacy-text\">Your data will be collected and processed by <strong>Kodekrafters Lda, <\/strong>legal entity number: 515573388, with registered office Rua do Batel, 1094, 4485-253, Guilhabreu, Maia, Portugal.<\/p><p class=\"privacy-text\">This is the company responsible for the processing of personal data within the meaning of Regulation (EU) 2016\/679 of the European Parliament and of the Council of 27 April 2016 and other applicable national legislation on privacy and data protection.<\/p><p class=\"privacy-text\">If you have any questions or concerns regarding the processing of your personal data, you can contact us through the following means:<\/p><p class=\"privacy-text\">Telephone: +351 225 026 048<\/p><p class=\"privacy-text\">Registered letter: Kodekrafters \u2013 GDPR<\/p><p class=\"privacy-text\">Rua do Batel, 1094<br \/>4485-253 Guilhabreu<br \/>Maia, Portugal<\/p><p class=\"privacy-text\">Email: info@kodekrafters.pt<\/p><\/div><\/div><\/div><\/div><\/div><\/div><\/div><\/div><div id=\"rowCustom-655b6b19188c2\" class=\"no-bg-image vc_row wpb_row mBuilder-element  controls-in or-privacy-row  sectionOverlay vc_general vc_parallax vc_parallax- full_size\" data-mbuilder-id=\"6\" data-col-layout=\"12\/12\" data-bgcolor=\" rgba(255, 255, 255, 0)\"><div class=\"wrap clearfix box_size_container\"><div class=\"wpb_column vc_column_container    col-sm-12\"><div class=\"vc_column-inner md_col-655b6b1918901\"><div class=\"wpb_wrapper\"><div class=\"vc_wp_text wpb_content_element or-privacy-title\"><div class=\"widget widget_text\"><div class=\"textwidget\"><h3 class=\"titulo-icon\"><strong>Personal data retention period<\/strong><\/h3><\/div><\/div><\/div><div class=\"vc_wp_text wpb_content_element or-privacy-text\"><div class=\"widget widget_text\"><div class=\"textwidget\"><p class=\"privacy-text\">The processing of data by\u00a0<strong>Kodekrafters<\/strong>\u00a0it will remain in effect as long as it is in operation or as long as it is necessary for the commercial relationship established with its customers.<\/p><\/div><\/div><\/div><\/div><\/div><\/div><\/div><\/div><div id=\"rowCustom-655b6b1918ca8\" class=\"no-bg-image vc_row wpb_row mBuilder-element  controls-in or-privacy-row  sectionOverlay vc_general vc_parallax vc_parallax- full_size\" data-mbuilder-id=\"7\" data-col-layout=\"12\/12\" data-bgcolor=\" rgba(255, 255, 255, 0)\"><div class=\"wrap clearfix box_size_container\"><div class=\"wpb_column vc_column_container    col-sm-12\"><div class=\"vc_column-inner md_col-655b6b1918ce8\"><div class=\"wpb_wrapper\"><div class=\"vc_wp_text wpb_content_element or-privacy-title\"><div class=\"widget widget_text\"><div class=\"textwidget\"><h3 class=\"titulo-icon\"><strong>Personal data security<\/strong><\/h3><\/div><\/div><\/div><div class=\"vc_wp_text wpb_content_element or-privacy-text\"><div class=\"widget widget_text\"><div class=\"textwidget\"><p class=\"titulo-icon\">Security measures of a technical and organizational nature were adopted to preserve the confidentiality and security of personal data collected and processed in order to prevent their loss, dissemination, alteration, improper or unauthorized processing or access.<\/p><\/div><\/div><\/div><\/div><\/div><\/div><\/div><\/div><div id=\"rowCustom-655b6b19190b5\" class=\"no-bg-image vc_row wpb_row mBuilder-element  controls-in or-privacy-row  sectionOverlay vc_general vc_parallax vc_parallax- full_size\" data-mbuilder-id=\"8\" data-col-layout=\"12\/12\" data-bgcolor=\" rgba(255, 255, 255, 0)\"><div class=\"wrap clearfix box_size_container\"><div class=\"wpb_column vc_column_container    col-sm-12\"><div class=\"vc_column-inner md_col-655b6b1919111\"><div class=\"wpb_wrapper\"><div class=\"vc_wp_text wpb_content_element or-privacy-title\"><div class=\"widget widget_text\"><div class=\"textwidget\"><h3 class=\"titulo-icon\"><strong>Processing and modification of personal data<\/strong><\/h3><\/div><\/div><\/div><div class=\"vc_wp_text wpb_content_element or-privacy-text\"><div class=\"widget widget_text\"><div class=\"textwidget\"><p class=\"privacy-text\">By providing us with your personal data, you acknowledge and consent to their processing in accordance with this Privacy and Cookies Policy, so you should read it and contact us if you have any questions.<\/p><p class=\"privacy-text\">We inform you that, whenever necessary, we will change this Privacy and Cookies Policy without the need for any prior authorization.<\/p><p class=\"privacy-text\"><strong>As a holder of personal data you have:<\/strong><\/p><ul><li><p class=\"privacy-text\"><strong>Right to Information<\/strong>, which consists of the right to be informed about the purpose of data processing, to whom they can be communicated, what rights they have and under what conditions they can exercise them, as well as what data they must provide;<\/p><\/li><li><p class=\"privacy-text\"><strong>Direito de Acesso<\/strong>, which translates into the right to access the personal data provided by them, without restrictions, without delay or excessive costs, as well as to know any available information about the origin of that data;<\/p><\/li><li><p class=\"privacy-text\"><strong>Right to Rectification<\/strong>, which consists of the right to demand that your data be accurate and current, and you can request its rectification from the <strong>Kodekrafters<\/strong>;<\/p><\/li><li><p class=\"privacy-text\"><strong>Right to Elimination (or \u201cforgetfulness\u201d)<\/strong>, que \u00e9 o direito de exigirem a elimina\u00e7\u00e3o dos seus dados pessoais dos registos da <strong>Kodekrafters<\/strong> quando os mesmos deixem de ser utilizados para as finalidades para que foram recolhidos, sem preju\u00edzo, contudo, dos prazos de reten\u00e7\u00e3o que por lei se imponham;<\/p><\/li><li><p class=\"privacy-text\"><strong>Right of Opposition<\/strong>, which consists of the right to object, at your request and free of charge, to the processing of your personal data for direct marketing purposes;<\/p><\/li><li><p class=\"privacy-text\"><strong>Right to Portability<\/strong>, which translates into the right to receive the personal data that they have provided to <strong>Kodekrafters<\/strong>, in a structured, commonly used and machine-readable format, and transmit this data to another person responsible for processing.<\/p><\/li><li><p class=\"privacy-text\"><strong>Right to Limitation of Processing<\/strong>, which allows, in certain circumstances, to request the limitation of the processing of their data, namely (i) when they contest the accuracy of their personal data, for a period that allows the <strong>Kodekrafters<\/strong> check its accuracy; (ii) if the processing is unlawful and the Customer opposes the deletion of the data, requesting, in return, the limitation of its use; or (iii) when the <strong>Kodekrafters <\/strong>no longer needs the Customer's personal data for processing purposes, but such data is required by the Customer for the purposes of declaring, exercising or defending a right in legal proceedings;<\/p><\/li><li><p class=\"privacy-text\"><strong>Right to Complaint<\/strong><\/p><p class=\"privacy-text\">With the CNPD, which consists of the right to submit, without prejudice to any other means of administrative or judicial recourse, a complaint to a supervisory authority, in particular in the Member State of your habitual residence, place of work or place where the infringement was allegedly committed, if the data subject considers that the processing of personal data concerning him\/her violates the General Data Protection Regulation (Regulation (EU) 2016\/679) and other applicable national legislation. In Portugal, the control authority is the National Data Protection Commission.<\/p><p class=\"privacy-text\">Junto da <strong>Kodekrafters<\/strong> para o exerc\u00edcio de qualquer dos seus direitos, os Clientes poder\u00e3o utilizar os seguintes meios:<br \/>Telephone: +351 225 026 048<br \/>Carta registada: Rua do Batel, 1094<br \/>4485-253 Guilhabreu<br \/>Maia, Portugal<br \/>Email: info@kodekrafters.pt<\/p><\/li><\/ul><\/div><\/div><\/div><\/div><\/div><\/div><\/div><\/div><div id=\"rowCustom-655b6b19195c2\" class=\"no-bg-image vc_row wpb_row mBuilder-element  controls-in or-privacy-row  sectionOverlay vc_general vc_parallax vc_parallax- full_size\" data-mbuilder-id=\"9\" data-col-layout=\"12\/12\" data-bgcolor=\" rgba(255, 255, 255, 0)\"><div class=\"wrap clearfix box_size_container\"><div class=\"wpb_column vc_column_container    col-sm-12\"><div class=\"vc_column-inner md_col-655b6b1919648\"><div class=\"wpb_wrapper\"><div class=\"vc_wp_text wpb_content_element or-privacy-title\"><div class=\"widget widget_text\"><div class=\"textwidget\"><h2 class=\"titulo-icon\"><strong>Cookie Policy<\/strong><\/h2><\/div><\/div><\/div><div class=\"vc_wp_text wpb_content_element or-privacy-text\"><div class=\"widget widget_text\"><div class=\"textwidget\"><p class=\"privacy-text\">The collection of data from your computer using small files commonly known as cookies, serves to:<\/p><ul><li><p class=\"privacy-text\">Improve browsing performance on our website \u2013 that is, we use this information to improve our performance and, thus, adapt the content and presentation of the website based on the type of browser you use or other information sent by the browser;<\/p><\/li><li><p class=\"privacy-text\">or for statistical purposes, namely, to know the number of times our website is visited, the links used for this purpose and the preferences of visitors;<\/p><\/li><\/ul><p class=\"privacy-text\">Cookies may also be used when opening newsletters\/emails, for statistical purposes, and to allow us to know whether they are opened and to check clicks through links or advertisements within the newsletter.<\/p><p class=\"privacy-text\">The data we collect in this way remains anonymous.<\/p><p class=\"privacy-text\">We do not sell the personal data of customers or users.<\/p><p class=\"privacy-text\">This Cookies Policy is periodically reviewed by <strong>Kodekrafters<\/strong> pelo que o seu conte\u00fado pode sofrer atualiza\u00e7\u00f5es.<\/p><p class=\"privacy-text\">A cookie is a small text file that is sent by an Internet server and stored on your computer or mobile device when you visit websites. This file keeps a record of the website visited and collects some information relating to this visit. In this way, they help websites store and retrieve information about your browsing habits in order to personalize browsing according to your preferences.<\/p><p class=\"privacy-text\">Regarding their life cycle, cookies can be:<\/p><ul><li><p class=\"privacy-text\">Session cookies \u2013 are temporary and only remain in the cookie file until the user leaves the website, so they are deleted when you close the browser. The information obtained is used to analyze traffic patterns, which facilitates the identification of problems.<\/p><\/li><li><p class=\"privacy-text\">Persistent cookies \u2013 they are stored until the user manually deletes them or the expiration date expires. They are used whenever the user visits the website again for a more personalized service, adjusting navigation to their interests.<\/p><\/li><\/ul><p class=\"privacy-text\">As for the domain they belong to, it can be:<\/p><ul><li><p class=\"privacy-text\">Own cookies \u2013 which are downloaded by the website you are browsing<\/p><\/li><li><p class=\"privacy-text\">Third-party cookies \u2013 which are downloaded by websites from a domain other than the one you are browsing. This can happen, for example, on websites with advertising banners from other entities.<\/p><\/li><\/ul><p class=\"privacy-text\">As for the function, they can be:<\/p><p class=\"privacy-text\">Analytical cookies are used anonymously for statistical purposes.<\/p><p class=\"privacy-text\">Functionality cookies store user preferences.<\/p><p class=\"privacy-text\">Of these, we use cookies for several purposes.<\/p><\/div><\/div><\/div><\/div><\/div><\/div><\/div><\/div><div id=\"rowCustom-655b6b1919b23\" class=\"no-bg-image vc_row wpb_row mBuilder-element  controls-in or-privacy-row  sectionOverlay vc_general vc_parallax vc_parallax- full_size\" data-mbuilder-id=\"10\" data-col-layout=\"12\/12\" data-bgcolor=\" rgba(255, 255, 255, 0)\"><div class=\"wrap clearfix box_size_container\"><div class=\"wpb_column vc_column_container    col-sm-12\"><div class=\"vc_column-inner md_col-655b6b1919b68\"><div class=\"wpb_wrapper\"><div class=\"vc_wp_text wpb_content_element or-privacy-title\"><div class=\"widget widget_text\"><div class=\"textwidget\"><h3 class=\"titulo-icon\">How to enable or disable cookies in your browser<\/h3><\/div><\/div><\/div><div class=\"vc_wp_text wpb_content_element or-privacy-text\"><div class=\"widget widget_text\"><div class=\"textwidget\"><p class=\"privacy-text\">1. Click on the Google Chrome menu icon.<\/p><p class=\"privacy-text\">2. Select \u201cSettings\u201d.<\/p><p class=\"privacy-text\">3. At the bottom of the page, click \u201cShow advanced settings\u201d.<\/p><p class=\"privacy-text\">4. In the \u201cPrivacy\u201d section, click on \u201cContent Settings\u201d.<\/p><p class=\"privacy-text\">5. Enable or disable cookies:<\/p><ul><li><p class=\"privacy-text\">To enable cookies, select \u201cAllow local data setting (recommended).\u201d<\/p><\/li><li><p class=\"privacy-text\">To disable cookies, select \u201cBlock any data settings by sites.\u201d<\/p><\/li><\/ul><\/div><\/div><\/div><\/div><\/div><\/div><\/div><\/div><div id=\"rowCustom-655b6b1919f6d\" class=\"no-bg-image vc_row wpb_row mBuilder-element  controls-in or-privacy-row  sectionOverlay vc_general vc_parallax vc_parallax- full_size\" data-mbuilder-id=\"11\" data-col-layout=\"12\/12\" data-bgcolor=\" rgba(255, 255, 255, 0)\"><div class=\"wrap clearfix box_size_container\"><div class=\"wpb_column vc_column_container    col-sm-12\"><div class=\"vc_column-inner md_col-655b6b1919fbc\"><div class=\"wpb_wrapper\"><div class=\"vc_wp_text wpb_content_element or-privacy-title\"><div class=\"widget widget_text\"><div class=\"textwidget\"><p class=\"titulo-icon\">Internet Explorer<\/p><\/div><\/div><\/div><div class=\"vc_wp_text wpb_content_element or-privacy-text\"><div class=\"widget widget_text\"><div class=\"textwidget\"><p class=\"privacy-text\">1. Open Internet Explorer by clicking the \u201cStart\u201d button and then clicking \u201cInternet Explorer\u201d.<\/p><p class=\"privacy-text\">2. Click the \u201cTools\u201d button and then click \u201cInternet Options\u201d.<\/p><p class=\"privacy-text\">3. Click the \u201cPrivacy\u201d tab and under \u201cSettings\u201d move the slider to the top to block all cookies or to the bottom to allow all cookies, then click OK.<\/p><\/div><\/div><\/div><\/div><\/div><\/div><\/div><\/div><div id=\"rowCustom-655b6b191a437\" class=\"no-bg-image vc_row wpb_row mBuilder-element  controls-in or-privacy-row  sectionOverlay vc_general vc_parallax vc_parallax- full_size\" data-mbuilder-id=\"12\" data-col-layout=\"12\/12\" data-bgcolor=\" rgba(255, 255, 255, 0)\"><div class=\"wrap clearfix box_size_container\"><div class=\"wpb_column vc_column_container    col-sm-12\"><div class=\"vc_column-inner md_col-655b6b191a476\"><div class=\"wpb_wrapper\"><div class=\"vc_wp_text wpb_content_element or-privacy-title\"><div class=\"widget widget_text\"><div class=\"textwidget\"><p>Firefox<\/p><\/div><\/div><\/div><div class=\"vc_wp_text wpb_content_element or-privacy-text\"><div class=\"widget widget_text\"><div class=\"textwidget\"><p class=\"privacy-text\">1. Select \u201cTools\u201d &gt; \u201cOptions\u201d and access the \u201cPrivacy\u201d panel.<\/p><p class=\"privacy-text\">2. In the \u201cCookies and website data\u201d menu, select the \u201cBlock cookies and website data\u201d option.<\/p><p class=\"privacy-text\">If you want to allow websites you trust to store cookies permanently (for example, to allow automatic authentication on a particular website), press Exceptions\u2026, enter the website address and press allow.<\/p><\/div><\/div><\/div><\/div><\/div><\/div><\/div><\/div><div id=\"rowCustom-655b6b191a958\" class=\"no-bg-image vc_row wpb_row mBuilder-element  controls-in or-privacy-row  sectionOverlay vc_general vc_parallax vc_parallax- full_size\" data-mbuilder-id=\"13\" data-col-layout=\"12\/12\" data-bgcolor=\" rgba(255, 255, 255, 0)\"><div class=\"wrap clearfix box_size_container\"><div class=\"wpb_column vc_column_container    col-sm-12\"><div class=\"vc_column-inner md_col-655b6b191a9a6\"><div class=\"wpb_wrapper\"><div class=\"vc_wp_text wpb_content_element or-privacy-title\"><div class=\"widget widget_text\"><div class=\"textwidget\"><p>Safari<\/p><\/div><\/div><\/div><div class=\"vc_wp_text wpb_content_element or-privacy-text\"><div class=\"widget widget_text\"><div class=\"textwidget\"><p class=\"privacy-text\">1. Click on \u201cEdit\u201d;<\/p><p class=\"privacy-text\">2. Select \u201cPreferences\u201d;<\/p><p class=\"privacy-text\">3. In the top panel, select the \u201cSecurity\u201d icon<\/p><p class=\"privacy-text\">4. In the \u201cAccept Cookies\u201d section, select \u201cNever\u201d.<\/p><\/div><\/div><\/div><\/div><\/div><\/div><\/div><\/div><div id=\"rowCustom-655b6b191ae1a\" class=\"no-bg-image vc_row wpb_row mBuilder-element  controls-in or-privacy-row  sectionOverlay vc_general vc_parallax vc_parallax- full_size\" data-mbuilder-id=\"14\" data-col-layout=\"12\/12\" data-bgcolor=\" rgba(255, 255, 255, 0)\"><div class=\"wrap clearfix box_size_container\"><div class=\"wpb_column vc_column_container    col-sm-12\"><div class=\"vc_column-inner md_col-655b6b191ae62\"><div class=\"wpb_wrapper\"><div class=\"vc_wp_text wpb_content_element or-privacy-title\"><div class=\"widget widget_text\"><div class=\"textwidget\"><p>Personal data<\/p><\/div><\/div><\/div><div class=\"vc_wp_text wpb_content_element or-privacy-text\"><div class=\"widget widget_text\"><div class=\"textwidget\"><p class=\"privacy-text\">This is any information, of any nature and regardless of its support, relating to a natural person, directly or indirectly, identified or identifiable (data subject). For example, your name, an identification number, location data, contact details, even elements of your physical, economic or social identity.<\/p><p class=\"privacy-text\">The personal data collected is limited to that strictly necessary for the purpose of the processing, namely, name, address, taxpayer number, telephone number or email address, but other data necessary for the provision of products or services may be collected.<\/p><\/div><\/div><\/div><\/div><\/div><\/div><\/div><\/div><div id=\"rowCustom-655b6b191b28d\" class=\"no-bg-image vc_row wpb_row mBuilder-element  controls-in or-privacy-row  sectionOverlay vc_general vc_parallax vc_parallax- full_size\" data-mbuilder-id=\"15\" data-col-layout=\"12\/12\" data-bgcolor=\" rgba(255, 255, 255, 0)\"><div class=\"wrap clearfix box_size_container\"><div class=\"wpb_column vc_column_container    col-sm-12\"><div class=\"vc_column-inner md_col-655b6b191b2f2\"><div class=\"wpb_wrapper\"><div class=\"vc_wp_text wpb_content_element or-privacy-title\"><div class=\"widget widget_text\"><div class=\"textwidget\"><p>Opera<\/p><\/div><\/div><\/div><div class=\"vc_wp_text wpb_content_element or-privacy-text\"><div class=\"widget widget_text\"><div class=\"textwidget\"><p class=\"privacy-text\">1. Click on \u201cSettings\u201d<\/p><p class=\"privacy-text\">2. Select \u201cPreferences\u201d &gt; \u201cAdvanced\u201d &gt; \u201cCookies\u201d &gt; \u201cEnable\u201d or \u201cdisable cookies\u201d<\/p><\/div><\/div><\/div><\/div><\/div><\/div><\/div><\/div>\t\t\t\t\t\t\t\t<\/div>\n\t\t\t\t<\/div>\n\t\t\t\t\t<\/div>\n\t\t\t\t<\/div>\n\t\t\t\t<\/div>","protected":false},"excerpt":{"rendered":"<p>Pol\u00edtica de Privacidade e Cookies Antes de navegar pelo nosso site, conhe\u00e7a a nossa Pol\u00edtica de Privacidade e Cookies. A Pol\u00edtica de Privacidade e Cookies foi<span class=\"excerpt-hellip\"> [\u2026]<\/span><\/p>\n","protected":false},"author":2,"featured_media":0,"parent":0,"menu_order":0,"comment_status":"closed","ping_status":"closed","template":"","meta":{"footnotes":""},"class_list":["post-250","page","type-page","status-publish","hentry"],"aioseo_notices":[],"_links":{"self":[{"href":"https:\/\/kodekrafters.pt\/en\/wp-json\/wp\/v2\/pages\/250","targetHints":{"allow":["GET"]}}],"collection":[{"href":"https:\/\/kodekrafters.pt\/en\/wp-json\/wp\/v2\/pages"}],"about":[{"href":"https:\/\/kodekrafters.pt\/en\/wp-json\/wp\/v2\/types\/page"}],"author":[{"embeddable":true,"href":"https:\/\/kodekrafters.pt\/en\/wp-json\/wp\/v2\/users\/2"}],"replies":[{"embeddable":true,"href":"https:\/\/kodekrafters.pt\/en\/wp-json\/wp\/v2\/comments?post=250"}],"version-history":[{"count":6,"href":"https:\/\/kodekrafters.pt\/en\/wp-json\/wp\/v2\/pages\/250\/revisions"}],"predecessor-version":[{"id":295,"href":"https:\/\/kodekrafters.pt\/en\/wp-json\/wp\/v2\/pages\/250\/revisions\/295"}],"wp:attachment":[{"href":"https:\/\/kodekrafters.pt\/en\/wp-json\/wp\/v2\/media?parent=250"}],"curies":[{"name":"wp","href":"https:\/\/api.w.org\/{rel}","templated":true}]}}