{"id":424,"date":"2026-02-19T17:01:32","date_gmt":"2026-02-19T17:01:32","guid":{"rendered":"https:\/\/kodekrafters.pt\/?page_id=424"},"modified":"2026-02-19T17:16:59","modified_gmt":"2026-02-19T17:16:59","slug":"blog","status":"publish","type":"page","link":"https:\/\/kodekrafters.pt\/en\/blog\/","title":{"rendered":"Blog"},"content":{"rendered":"\t\t<div data-elementor-type=\"wp-page\" data-elementor-id=\"424\" class=\"elementor elementor-424\">\n\t\t\t\t<div class=\"elementor-element elementor-element-8a458c6 e-con-full e-flex e-con e-parent\" data-id=\"8a458c6\" data-element_type=\"container\" data-e-type=\"container\">\n\t\t\t\t<div class=\"elementor-element elementor-element-f8d8337 elementor-widget__width-initial elementor-widget elementor-widget-mfn_blog\" data-id=\"f8d8337\" data-element_type=\"widget\" data-e-type=\"widget\" data-widget_type=\"mfn_blog.default\">\n\t\t\t\t<div class=\"elementor-widget-container\">\n\t\t\t\t\t<div class=\"column_filters\"><div class=\"blog_wrapper isotope_wrapper clearfix\"><div class=\"posts_group lm_wrapper col- timeline\"><article class=\"post post-item isotope-item clearfix no-img post-586 type-post status-publish format-standard hentry category-sem-categoria\" style=\"\"><div class=\"date_label\">May 11, 2026<\/div><div class=\"image_frame post-photo-wrapper scale-with-grid image\"><div class=\"image_wrapper\"><\/div><\/div><div class=\"post-desc-wrapper bg- has-custom-bg\" style=\"\"><div class=\"post-desc\"><div class=\"post-head\"><div class=\"post-meta clearfix\"><div class=\"author-date\"><span class=\"vcard author post-author\"><span class=\"label\">Publicado por <\/span><i class=\"icon-user\" aria-label=\"author\"><\/i> <span class=\"fn\"><a href=\"https:\/\/kodekrafters.pt\/en\/author\/felix\/\">Felix<\/a><\/span><\/span> <span class=\"date\"><span class=\"label\">em  <\/span><i class=\"icon-clock\" aria-label=\"published\"><\/i> <span class=\"post-date updated\">May 11, 2026<\/span><\/span><\/div><div class=\"category\"><span class=\"cat-btn\">Categorias <i class=\"icon-down-dir\" aria-hidden=\"true\"><\/i><\/span><div class=\"cat-wrapper\"><ul class=\"post-categories\">\n\t<li><a href=\"https:\/\/kodekrafters.pt\/en\/category\/sem-categoria\/\" rel=\"category tag\">Sem categoria<\/a><\/li><\/ul><\/div><\/div><\/div><\/div><div class=\"post-title\"><h3 class=\"entry-title\" itemprop=\"headline\"><a href=\"https:\/\/kodekrafters.pt\/en\/2026\/05\/11\/ia-e-automacao-sinais-recentes-que-impulsionam-a-competitividade-das-empresas-portuguesas-em-2026\/\">IA e Automa\u00e7\u00e3o: Sinais Recentes que Impulsionam a Competitividade das Empresas Portuguesas em 2026<\/a><\/h3><\/div><div class=\"post-excerpt\">No contexto econ\u00f3mico atual, marcado por uma janela de oportunidade para reformas estruturais, a intelig\u00eancia artificial (IA) e a automa\u00e7\u00e3o emergem como catalisadores essenciais para o<span class=\"excerpt-hellip\"> [\u2026]<\/span><\/div><div class=\"post-footer\"><div class=\"button-love\"><span class=\"love-text\">Gostou?<\/span><a href=\"#\" class=\"mfn-love \" data-id=\"586\"><span class=\"icons-wrapper\"><i class=\"icon-heart-empty-fa\"><\/i><i class=\"icon-heart-fa\"><\/i><\/span><span class=\"label\">0<\/span><\/a><\/div><div class=\"post-links\"><i class=\"icon-doc-text\" aria-hidden=\"true\"><\/i> <a href=\"https:\/\/kodekrafters.pt\/en\/2026\/05\/11\/ia-e-automacao-sinais-recentes-que-impulsionam-a-competitividade-das-empresas-portuguesas-em-2026\/\" class=\"post-more\">Saber Mais<\/a><\/div><\/div><\/div><\/div><\/article><article class=\"post post-item isotope-item clearfix no-img post-585 type-post status-publish format-standard hentry category-sem-categoria\" style=\"\"><div class=\"date_label\">May 11, 2026<\/div><div class=\"image_frame post-photo-wrapper scale-with-grid image\"><div class=\"image_wrapper\"><\/div><\/div><div class=\"post-desc-wrapper bg- has-custom-bg\" style=\"\"><div class=\"post-desc\"><div class=\"post-head\"><div class=\"post-meta clearfix\"><div class=\"author-date\"><span class=\"vcard author post-author\"><span class=\"label\">Publicado por <\/span><i class=\"icon-user\" aria-label=\"author\"><\/i> <span class=\"fn\"><a href=\"https:\/\/kodekrafters.pt\/en\/author\/felix\/\">Felix<\/a><\/span><\/span> <span class=\"date\"><span class=\"label\">em  <\/span><i class=\"icon-clock\" aria-label=\"published\"><\/i> <span class=\"post-date updated\">May 11, 2026<\/span><\/span><\/div><div class=\"category\"><span class=\"cat-btn\">Categorias <i class=\"icon-down-dir\" aria-hidden=\"true\"><\/i><\/span><div class=\"cat-wrapper\"><ul class=\"post-categories\">\n\t<li><a href=\"https:\/\/kodekrafters.pt\/en\/category\/sem-categoria\/\" rel=\"category tag\">Sem categoria<\/a><\/li><\/ul><\/div><\/div><\/div><\/div><div class=\"post-title\"><h3 class=\"entry-title\" itemprop=\"headline\"><a href=\"https:\/\/kodekrafters.pt\/en\/2026\/05\/11\/transformacao-digital-urgente-por-que-as-empresas-nao-podem-esperar-em-2026\/\">Transforma\u00e7\u00e3o Digital Urgente: Por Que as Empresas N\u00e3o Podem Esperar em 2026<\/a><\/h3><\/div><div class=\"post-excerpt\">O panorama regulat\u00f3rio e tecnol\u00f3gico global mudou significativamente. A OCDE registou um aumento de 30% em pol\u00edticas de intelig\u00eancia artificial desde 2022, totalizando mais de 1.300<span class=\"excerpt-hellip\"> [\u2026]<\/span><\/div><div class=\"post-footer\"><div class=\"button-love\"><span class=\"love-text\">Gostou?<\/span><a href=\"#\" class=\"mfn-love \" data-id=\"585\"><span class=\"icons-wrapper\"><i class=\"icon-heart-empty-fa\"><\/i><i class=\"icon-heart-fa\"><\/i><\/span><span class=\"label\">0<\/span><\/a><\/div><div class=\"post-links\"><i class=\"icon-doc-text\" aria-hidden=\"true\"><\/i> <a href=\"https:\/\/kodekrafters.pt\/en\/2026\/05\/11\/transformacao-digital-urgente-por-que-as-empresas-nao-podem-esperar-em-2026\/\" class=\"post-more\">Saber Mais<\/a><\/div><\/div><\/div><\/div><\/article><article class=\"post post-item isotope-item clearfix no-img post-584 type-post status-publish format-standard hentry category-sem-categoria\" style=\"\"><div class=\"date_label\">May 11, 2026<\/div><div class=\"image_frame post-photo-wrapper scale-with-grid image\"><div class=\"image_wrapper\"><\/div><\/div><div class=\"post-desc-wrapper bg- has-custom-bg\" style=\"\"><div class=\"post-desc\"><div class=\"post-head\"><div class=\"post-meta clearfix\"><div class=\"author-date\"><span class=\"vcard author post-author\"><span class=\"label\">Publicado por <\/span><i class=\"icon-user\" aria-label=\"author\"><\/i> <span class=\"fn\"><a href=\"https:\/\/kodekrafters.pt\/en\/author\/felix\/\">Felix<\/a><\/span><\/span> <span class=\"date\"><span class=\"label\">em  <\/span><i class=\"icon-clock\" aria-label=\"published\"><\/i> <span class=\"post-date updated\">May 11, 2026<\/span><\/span><\/div><div class=\"category\"><span class=\"cat-btn\">Categorias <i class=\"icon-down-dir\" aria-hidden=\"true\"><\/i><\/span><div class=\"cat-wrapper\"><ul class=\"post-categories\">\n\t<li><a href=\"https:\/\/kodekrafters.pt\/en\/category\/sem-categoria\/\" rel=\"category tag\">Sem categoria<\/a><\/li><\/ul><\/div><\/div><\/div><\/div><div class=\"post-title\"><h3 class=\"entry-title\" itemprop=\"headline\"><a href=\"https:\/\/kodekrafters.pt\/en\/2026\/05\/11\/novidades-recentes-que-reforcam-a-importancia-do-investimento-em-software-empresarial\/\">Novidades Recentes que Refor\u00e7am a Import\u00e2ncia do Investimento em Software Empresarial<\/a><\/h3><\/div><div class=\"post-excerpt\">No contexto atual de acelera\u00e7\u00e3o digital, as empresas enfrentam press\u00f5es crescentes para otimizar opera\u00e7\u00f5es e manter a competitividade. Na \u00faltima semana, relat\u00f3rios da consultora Gartner e<span class=\"excerpt-hellip\"> [\u2026]<\/span><\/div><div class=\"post-footer\"><div class=\"button-love\"><span class=\"love-text\">Gostou?<\/span><a href=\"#\" class=\"mfn-love \" data-id=\"584\"><span class=\"icons-wrapper\"><i class=\"icon-heart-empty-fa\"><\/i><i class=\"icon-heart-fa\"><\/i><\/span><span class=\"label\">0<\/span><\/a><\/div><div class=\"post-links\"><i class=\"icon-doc-text\" aria-hidden=\"true\"><\/i> <a href=\"https:\/\/kodekrafters.pt\/en\/2026\/05\/11\/novidades-recentes-que-reforcam-a-importancia-do-investimento-em-software-empresarial\/\" class=\"post-more\">Saber Mais<\/a><\/div><\/div><\/div><\/div><\/article><article class=\"post post-item isotope-item clearfix no-img post-583 type-post status-publish format-standard hentry category-sem-categoria\" style=\"\"><div class=\"date_label\">May 11, 2026<\/div><div class=\"image_frame post-photo-wrapper scale-with-grid image\"><div class=\"image_wrapper\"><\/div><\/div><div class=\"post-desc-wrapper bg- has-custom-bg\" style=\"\"><div class=\"post-desc\"><div class=\"post-head\"><div class=\"post-meta clearfix\"><div class=\"author-date\"><span class=\"vcard author post-author\"><span class=\"label\">Publicado por <\/span><i class=\"icon-user\" aria-label=\"author\"><\/i> <span class=\"fn\"><a href=\"https:\/\/kodekrafters.pt\/en\/author\/felix\/\">Felix<\/a><\/span><\/span> <span class=\"date\"><span class=\"label\">em  <\/span><i class=\"icon-clock\" aria-label=\"published\"><\/i> <span class=\"post-date updated\">May 11, 2026<\/span><\/span><\/div><div class=\"category\"><span class=\"cat-btn\">Categorias <i class=\"icon-down-dir\" aria-hidden=\"true\"><\/i><\/span><div class=\"cat-wrapper\"><ul class=\"post-categories\">\n\t<li><a href=\"https:\/\/kodekrafters.pt\/en\/category\/sem-categoria\/\" rel=\"category tag\">Sem categoria<\/a><\/li><\/ul><\/div><\/div><\/div><\/div><div class=\"post-title\"><h3 class=\"entry-title\" itemprop=\"headline\"><a href=\"https:\/\/kodekrafters.pt\/en\/2026\/05\/11\/novidades-recentes-que-reforcam-a-urgencia-da-ciberseguranca-nas-empresas-portuguesas\/\">Novidades Recentes que Refor\u00e7am a Urg\u00eancia da Ciberseguran\u00e7a nas Empresas Portuguesas<\/a><\/h3><\/div><div class=\"post-excerpt\">No contexto atual de acelera\u00e7\u00e3o digital, as empresas enfrentam um panorama de amea\u00e7as cibern\u00e9ticas cada vez mais sofisticadas, agravadas pela integra\u00e7\u00e3o de tecnologias como a intelig\u00eancia<span class=\"excerpt-hellip\"> [\u2026]<\/span><\/div><div class=\"post-footer\"><div class=\"button-love\"><span class=\"love-text\">Gostou?<\/span><a href=\"#\" class=\"mfn-love \" data-id=\"583\"><span class=\"icons-wrapper\"><i class=\"icon-heart-empty-fa\"><\/i><i class=\"icon-heart-fa\"><\/i><\/span><span class=\"label\">0<\/span><\/a><\/div><div class=\"post-links\"><i class=\"icon-doc-text\" aria-hidden=\"true\"><\/i> <a href=\"https:\/\/kodekrafters.pt\/en\/2026\/05\/11\/novidades-recentes-que-reforcam-a-urgencia-da-ciberseguranca-nas-empresas-portuguesas\/\" class=\"post-more\">Saber Mais<\/a><\/div><\/div><\/div><\/div><\/article><article class=\"post post-item isotope-item clearfix no-img post-579 type-post status-publish format-standard hentry category-sem-categoria\" style=\"\"><div class=\"date_label\">May 4, 2026<\/div><div class=\"image_frame post-photo-wrapper scale-with-grid image\"><div class=\"image_wrapper\"><\/div><\/div><div class=\"post-desc-wrapper bg- has-custom-bg\" style=\"\"><div class=\"post-desc\"><div class=\"post-head\"><div class=\"post-meta clearfix\"><div class=\"author-date\"><span class=\"vcard author post-author\"><span class=\"label\">Publicado por <\/span><i class=\"icon-user\" aria-label=\"author\"><\/i> <span class=\"fn\"><a href=\"https:\/\/kodekrafters.pt\/en\/author\/felix\/\">Felix<\/a><\/span><\/span> <span class=\"date\"><span class=\"label\">em  <\/span><i class=\"icon-clock\" aria-label=\"published\"><\/i> <span class=\"post-date updated\">May 4, 2026<\/span><\/span><\/div><div class=\"category\"><span class=\"cat-btn\">Categorias <i class=\"icon-down-dir\" aria-hidden=\"true\"><\/i><\/span><div class=\"cat-wrapper\"><ul class=\"post-categories\">\n\t<li><a href=\"https:\/\/kodekrafters.pt\/en\/category\/sem-categoria\/\" rel=\"category tag\">Sem categoria<\/a><\/li><\/ul><\/div><\/div><\/div><\/div><div class=\"post-title\"><h3 class=\"entry-title\" itemprop=\"headline\"><a href=\"https:\/\/kodekrafters.pt\/en\/2026\/05\/04\/ia-e-automacao-em-2026-o-imperativo-estrategico-para-empresas-competitivas\/\">IA e Automa\u00e7\u00e3o em 2026: O Imperativo Estrat\u00e9gico para Empresas Competitivas<\/a><\/h3><\/div><div class=\"post-excerpt\">O ano de 2026 marca um ponto de viragem cr\u00edtico para a adop\u00e7\u00e3o de intelig\u00eancia artificial e automa\u00e7\u00e3o nas organiza\u00e7\u00f5es. Enquanto a regula\u00e7\u00e3o europeia converge para<span class=\"excerpt-hellip\"> [\u2026]<\/span><\/div><div class=\"post-footer\"><div class=\"button-love\"><span class=\"love-text\">Gostou?<\/span><a href=\"#\" class=\"mfn-love \" data-id=\"579\"><span class=\"icons-wrapper\"><i class=\"icon-heart-empty-fa\"><\/i><i class=\"icon-heart-fa\"><\/i><\/span><span class=\"label\">0<\/span><\/a><\/div><div class=\"post-links\"><i class=\"icon-doc-text\" aria-hidden=\"true\"><\/i> <a href=\"https:\/\/kodekrafters.pt\/en\/2026\/05\/04\/ia-e-automacao-em-2026-o-imperativo-estrategico-para-empresas-competitivas\/\" class=\"post-more\">Saber Mais<\/a><\/div><\/div><\/div><\/div><\/article><\/div><div class=\"column one pager_wrapper\"><div class=\"pager\"><div class=\"pages\"><a href=\"https:\/\/kodekrafters.pt\/en\/wp-json\/wp\/v2\/pages\/424\/\" class=\"page active\">1<\/a><a href=\"https:\/\/kodekrafters.pt\/en\/wp-json\/wp\/v2\/pages\/424\/page\/2\/\" class=\"page\">2<\/a><a href=\"https:\/\/kodekrafters.pt\/en\/wp-json\/wp\/v2\/pages\/424\/page\/3\/\" class=\"page\">3<\/a><a href=\"https:\/\/kodekrafters.pt\/en\/wp-json\/wp\/v2\/pages\/424\/page\/4\/\" class=\"page\">4<\/a><a href=\"https:\/\/kodekrafters.pt\/en\/wp-json\/wp\/v2\/pages\/424\/page\/5\/\" class=\"page\">5<\/a><a href=\"https:\/\/kodekrafters.pt\/en\/wp-json\/wp\/v2\/pages\/424\/page\/6\/\" class=\"page\">6<\/a><a href=\"https:\/\/kodekrafters.pt\/en\/wp-json\/wp\/v2\/pages\/424\/page\/7\/\" class=\"page\">7<\/a><a href=\"https:\/\/kodekrafters.pt\/en\/wp-json\/wp\/v2\/pages\/424\/page\/8\/\" class=\"page\">8<\/a><\/div><a class=\"next_page\" href=\"https:\/\/kodekrafters.pt\/en\/wp-json\/wp\/v2\/pages\/424\/page\/2\/\">Pr\u00f3xima<i class=\"icon-right-open\" aria-hidden=\"true\"><\/i><\/a><\/div><\/div>\n<\/div>\n<\/div>\n\t\t\t\t<\/div>\n\t\t\t\t<\/div>\n\t\t\t\t<\/div>\n\t\t\t\t<\/div>\n\t\t","protected":false},"excerpt":{"rendered":"<p>Fevereiro 19, 2026Publicado por Felix em Fevereiro 19, 2026Categorias Sem categoria A Import\u00e2ncia Estrat\u00e9gica da Presen\u00e7a Digital para as Empresas em 2026: Novidades da \u00daltima Semana<span class=\"excerpt-hellip\"> [\u2026]<\/span><\/p>\n","protected":false},"author":2,"featured_media":0,"parent":0,"menu_order":0,"comment_status":"closed","ping_status":"closed","template":"","meta":{"footnotes":""},"class_list":["post-424","page","type-page","status-publish","hentry"],"aioseo_notices":[],"_links":{"self":[{"href":"https:\/\/kodekrafters.pt\/en\/wp-json\/wp\/v2\/pages\/424","targetHints":{"allow":["GET"]}}],"collection":[{"href":"https:\/\/kodekrafters.pt\/en\/wp-json\/wp\/v2\/pages"}],"about":[{"href":"https:\/\/kodekrafters.pt\/en\/wp-json\/wp\/v2\/types\/page"}],"author":[{"embeddable":true,"href":"https:\/\/kodekrafters.pt\/en\/wp-json\/wp\/v2\/users\/2"}],"replies":[{"embeddable":true,"href":"https:\/\/kodekrafters.pt\/en\/wp-json\/wp\/v2\/comments?post=424"}],"version-history":[{"count":23,"href":"https:\/\/kodekrafters.pt\/en\/wp-json\/wp\/v2\/pages\/424\/revisions"}],"predecessor-version":[{"id":501,"href":"https:\/\/kodekrafters.pt\/en\/wp-json\/wp\/v2\/pages\/424\/revisions\/501"}],"wp:attachment":[{"href":"https:\/\/kodekrafters.pt\/en\/wp-json\/wp\/v2\/media?parent=424"}],"curies":[{"name":"wp","href":"https:\/\/api.w.org\/{rel}","templated":true}]}}